{"id":2,"date":"2006-07-31T01:37:34","date_gmt":"2006-07-31T04:37:34","guid":{"rendered":""},"modified":"2025-09-18T22:59:15","modified_gmt":"2025-09-18T22:59:15","slug":"about","status":"publish","type":"page","link":"https:\/\/mfdutra.com\/blog\/about\/","title":{"rendered":"Sobre mim"},"content":{"rendered":"<p>Ol\u00e1, seja bem-vindo(a).<\/p>\n<p>Eu sou Marlon, ga\u00facho, natural de <a title=\"Rio Grande\" href=\"http:\/\/pt.wikipedia.org\/wiki\/Rio_Grande\" target=\"_blank\" rel=\"noopener\">Rio Grande<\/a>, l\u00e1\u00e1\u00e1 quase no fim do Brasil (ou no in\u00edcio?), passando o paralelo 32. Atualmente moro\u00a0nos Estados Unidos, no <a href=\"http:\/\/pt.wikipedia.org\/wiki\/Vale_do_Sil%C3%ADcio\" target=\"_blank\" rel=\"noopener\">Vale do Sil\u00edcio<\/a>.<\/p>\n<p>Trabalho h\u00e1 muitos anos com engenharia de sistemas e redes, especialmente com Linux e afins.<\/p>\n<p>Sou tamb\u00e9m empres\u00e1rio, ativista de software livre, fot\u00f3grafo amador e piloto comercial de avi\u00e3o.<\/p>\n<p>Saiba um pouco mais da minha vida de piloto no canal <a href=\"https:\/\/www.youtube.com\/c\/VoandopelosStates\">Voando Pelos States<\/a>.<\/p>\n<p>Saiba mais sobre a minha vida profissional no meu <a href=\"https:\/\/www.linkedin.com\/in\/mfdutra\/\">LinkedIn<\/a>.<\/p>\n<p>Gra\u00e7as ao meu trabalho, sempre tive a oportunidade de viajar muito, e este \u00e9 o principal motivo do in\u00edcio deste blog. Falar um pouco sobre cada canto do mundo que tive, tenho e terei a oportunidade de visitar. Em 2012, mudei para os Estados Unidos, e vou contar aqui como tem sido essa experi\u00eancia de viver em outro pa\u00eds.<\/p>\n<p>Para mim, viajar \u00e9 um dos maiores investimentos que uma pessoa pode fazer em si mesma. Vale muito mais do que qualquer bem material.<\/p>\n<blockquote><p>Um homem precisa viajar. Por sua conta, n\u00e3o por meio de hist\u00f3rias, imagens, livros ou TV. Precisa viajar por si, com seus olhos e p\u00e9s, para entender o que \u00e9 seu. Para um dia plantar as suas \u00e1rvores e dar-lhes valor. Conhecer o frio para desfrutar o calor. E o oposto. Sentir a dist\u00e2ncia e o desabrigo para estar bem sob o pr\u00f3prio teto. Um homem precisa viajar para lugares que n\u00e3o conhece para quebrar essa arrog\u00e2ncia que nos faz ver o mundo como o imaginamos, e n\u00e3o simplesmente como \u00e9 ou pode ser; que nos faz professores e doutores do que n\u00e3o vimos, quando dever\u00edamos ser alunos, e simplesmente ir ver.<\/p>\n<p>Amir Klink<\/p><\/blockquote>\n","protected":false},"excerpt":{"rendered":"<p>Ol\u00e1, seja bem-vindo(a). Eu sou Marlon, ga\u00facho, natural de Rio Grande, l\u00e1\u00e1\u00e1 quase no fim do Brasil (ou no in\u00edcio?), passando o paralelo 32. Atualmente moro\u00a0nos Estados Unidos, no Vale do Sil\u00edcio. Trabalho h\u00e1 muitos anos com engenharia de sistemas e redes, especialmente com Linux e afins. Sou tamb\u00e9m empres\u00e1rio, ativista de software livre, fot\u00f3grafo &hellip; <\/p>\n<p class=\"link-more\"><a href=\"https:\/\/mfdutra.com\/blog\/about\/\" class=\"more-link\">Continue reading<span class=\"screen-reader-text\"> &#8220;Sobre mim&#8221;<\/span><\/a><\/p>\n","protected":false},"author":1,"featured_media":0,"parent":0,"menu_order":0,"comment_status":"closed","ping_status":"open","template":"","meta":{"footnotes":""},"class_list":["post-2","page","type-page","status-publish","hentry","entry"],"_links":{"self":[{"href":"https:\/\/mfdutra.com\/blog\/wp-json\/wp\/v2\/pages\/2","targetHints":{"allow":["GET"]}}],"collection":[{"href":"https:\/\/mfdutra.com\/blog\/wp-json\/wp\/v2\/pages"}],"about":[{"href":"https:\/\/mfdutra.com\/blog\/wp-json\/wp\/v2\/types\/page"}],"author":[{"embeddable":true,"href":"https:\/\/mfdutra.com\/blog\/wp-json\/wp\/v2\/users\/1"}],"replies":[{"embeddable":true,"href":"https:\/\/mfdutra.com\/blog\/wp-json\/wp\/v2\/comments?post=2"}],"version-history":[{"count":10,"href":"https:\/\/mfdutra.com\/blog\/wp-json\/wp\/v2\/pages\/2\/revisions"}],"predecessor-version":[{"id":517,"href":"https:\/\/mfdutra.com\/blog\/wp-json\/wp\/v2\/pages\/2\/revisions\/517"}],"wp:attachment":[{"href":"https:\/\/mfdutra.com\/blog\/wp-json\/wp\/v2\/media?parent=2"}],"curies":[{"name":"wp","href":"https:\/\/api.w.org\/{rel}","templated":true}]}}